{"id":3215,"date":"2017-12-05T15:22:07","date_gmt":"2017-12-05T18:22:07","guid":{"rendered":"http:\/\/peru.soloviajar.com\/?page_id=3215"},"modified":"2017-12-05T16:24:06","modified_gmt":"2017-12-05T19:24:06","slug":"preguntas-frecuentes","status":"publish","type":"page","link":"https:\/\/soloelperu.com\/en\/preguntas-frecuentes\/","title":{"rendered":"Preguntas Frecuentes"},"content":{"rendered":"<p>[vc_row css=&#8221;.vc_custom_1432718694226{margin-top: 60px !important;margin-bottom: 40px !important;}&#8221;][vc_column width=&#8221;2\/3&#8243; el_class=&#8221;nicdark_sidebar_fixed_container&#8221;]<h3 style=\"color:;\" class=\"  left\">ELEGIR UN VIAJE<\/h3>[vc_empty_space height=&#8221;20px&#8221;]<div class=\"nicdark_divider  left small \"><span style=\"background-color:#f1f1f1;\" ><\/span><\/div>[vc_empty_space height=&#8221;30px&#8221;][vc_toggle title=&#8221;Viajar con Ni\u00f1os&#8221; style=&#8221;square&#8221; color=&#8221;blue&#8221; bgcolor=&#8221;blue&#8221; el_id=&#8221;1432714342562-116c214f-eebd&#8221;]Realizar el viaje con ni\u00f1os no es ning\u00fan inconveniente, todo lo contrario, quedar\u00e1n muy felices de correr y vivir \u00e9sta experiencia, dormir\u00e1n pl\u00e1cidamente ya que seguramente se cansar\u00e1n de tanto andar. Los ni\u00f1os tienen descuentos dependiendo de la edad, consulta seg\u00fan las edades de cada uno.[\/vc_toggle][vc_toggle title=&#8221;Viajando en grupo&#8221; style=&#8221;square&#8221; color=&#8221;grey&#8221; bgcolor=&#8221;grey&#8221;]Los grupos de mas de 15 personas tienen un gu\u00eda asignado que los acompa\u00f1ar\u00e1 en toda la traves\u00eda, asimismo poseen un coordinador que los mantiene informado de las actividades d\u00eda a d\u00eda.[\/vc_toggle][vc_toggle title=&#8221;Viajando solo&#8221; style=&#8221;square&#8221; color=&#8221;grey&#8221; bgcolor=&#8221;grey&#8221; el_id=&#8221;1432714622819-2f3fbd58-78cf&#8221;]Todos los d\u00edas comienzan nuevos tours, por lo tanto, si viajas solo puedes sumarte a un grupo o ir por tu cuenta. La experiencia indica que los amigos que se hacen en estos viajes son muchos.[\/vc_toggle][vc_toggle title=&#8221;Comidas, Bebidas y Dietas Especiales&#8221; style=&#8221;square&#8221; color=&#8221;grey&#8221; bgcolor=&#8221;grey&#8221;]Per\u00fa es un pa\u00eds que se enorgullece de tener una de las comidas mas ricas y variadas del mundo. Mucho premios internacionales nos han distinguido. Puede comer tranquilamente en cualquier Restaurante tur\u00edstico, solo les recomendamos no comer en la calle y beber agua embotellada.[\/vc_toggle][vc_toggle title=&#8221; Informaci\u00f3n m\u00e9dica y de seguridad&#8221; style=&#8221;square&#8221; color=&#8221;grey&#8221; bgcolor=&#8221;grey&#8221; el_id=&#8221;1432714635848-b9f1f016-609b&#8221;]Si no tiene pensado viajar a la selva, NO es necesaria la vacuna contra la fiebre amarilla. Asimismo les recomendamos contratar un seguro m\u00e9dico de viaje. Nuestros hoteles cuentan con tubos de ox\u00edgeno para los casos que lo requieran.[\/vc_toggle][vc_empty_space height=&#8221;40px&#8221;]<h3 style=\"color:;\" class=\"  left\">ANTES DE EMPRENDER EL VIAJE<\/h3>[vc_empty_space height=&#8221;20px&#8221;]<div class=\"nicdark_divider  left small \"><span style=\"background-color:#f1f1f1;\" ><\/span><\/div>[vc_empty_space height=&#8221;30px&#8221;][vc_toggle title=&#8221;Seguro de Viaje&#8221; style=&#8221;square&#8221; color=&#8221;orange&#8221; bgcolor=&#8221;orange&#8221;]Es recomendable contratar un seguro de viaje. En el caso de Argentina, nuestra agencia &#8220;Solo Vida Viajes&#8221; podr\u00e1 gestionarlo sin problemas. Consulta[\/vc_toggle][vc_toggle title=&#8221;Documentos de Viaje&#8221; style=&#8221;square&#8221; color=&#8221;grey&#8221; bgcolor=&#8221;grey&#8221;]Nuestro pa\u00eds tiene convenio con casi todos los pa\u00edses de la regi\u00f3n, por lo tanto, muchas veces no es necesario poseer VISA, incluso en ARGENTINA pueden viajar con el DNI (Documento Nacional de Identidad).[\/vc_toggle][vc_toggle title=&#8221;Informaci\u00f3n de la Moneda&#8221; style=&#8221;square&#8221; color=&#8221;grey&#8221; bgcolor=&#8221;grey&#8221; el_id=&#8221;1432715710382-1b5fe250-25e7&#8243;]En todo el pa\u00eds es aceptado el Sol (nuestra moneda) y el dolar de Estados Unidos. Asimismo en la mayor\u00eda de los lugares tur\u00edsticos cuentan con servicios de tarjetas de d\u00e9bito\/cr\u00e9dito.[\/vc_toggle][vc_toggle title=&#8221;\u00bfQue deber\u00eda llevar?&#8221; style=&#8221;square&#8221; color=&#8221;grey&#8221; bgcolor=&#8221;grey&#8221;]Ante todo ropa c\u00f3moda, abrigo seg\u00fan la \u00e9poca del a\u00f1o, gorro, bloqueador solar, mochila peque\u00f1a para los tours. Medicaci\u00f3n que consuma regularmente. Anteojos de sol.[\/vc_toggle][vc_toggle title=&#8221;Seguridad Financiera&#8221; style=&#8221;square&#8221; color=&#8221;grey&#8221; bgcolor=&#8221;grey&#8221; el_id=&#8221;1432715732790-de128ec0-1398&#8243;]En cualquiera de los Hoteles podr\u00e1 dejar en dep\u00f3sito si trae dinero en efectivo, no tenemos problemas de delincuencia o robo en la calle si se transita en grupo o por lugares tur\u00edsticos.[\/vc_toggle][vc_empty_space height=&#8221;40px&#8221;]<h3 style=\"color:;\" class=\"  left\">DURANTE TU VIAJE<\/h3>[vc_empty_space height=&#8221;20px&#8221;]<div class=\"nicdark_divider  left small \"><span style=\"background-color:#f1f1f1;\" ><\/span><\/div>[vc_empty_space height=&#8221;30px&#8221;][vc_toggle title=&#8221;Informaci\u00f3n de Arribo&#8221; style=&#8221;square&#8221; color=&#8221;green&#8221; bgcolor=&#8221;green&#8221;]Los estaremos esperando en el aeropuerto o terminal de buses de corresponder. Si vienen en grupos o individual, estar\u00e1 un conductor, debidamente identificado, con un cartel y el nombre del grupo o Apellido del pasajero, quien los guiar\u00e1 y llevar\u00e1 hasta el hotel previsto.[\/vc_toggle][vc_toggle title=&#8221;Informaci\u00f3n sobre las propinas&#8221; style=&#8221;square&#8221; color=&#8221;grey&#8221; bgcolor=&#8221;grey&#8221; el_id=&#8221;1432716118342-6ff7e7e0-010d&#8221;]Las propinas no son obligatorias, en caso de hacerlo se recomienda hasta un 10% de lo consumido.[\/vc_toggle][vc_toggle title=&#8221;Mantenerse en contacto con el hogar&#8221; style=&#8221;square&#8221; color=&#8221;grey&#8221; bgcolor=&#8221;grey&#8221;]Todos nuestros hospedajes poseen internet libre con lo cual podr\u00e1n mantener contacto con sus familiares, asimismo nuestro personal de cada lugar tomara cualquier recado telef\u00f3nico que tengan.[\/vc_toggle][vc_toggle title=&#8221;Alojamiento y transporte&#8221; style=&#8221;square&#8221; color=&#8221;grey&#8221; bgcolor=&#8221;grey&#8221; el_id=&#8221;1432716134853-6886c013-d6eb&#8221;]Todos nuestros Alojamientos son 3 estrellas o superiores, todos poseen desayuno incluido. El transporte y traslado se realiza en modernas unidades y con conductores calificados.[\/vc_toggle][vc_empty_space height=&#8221;20px&#8221;][\/vc_column][vc_column width=&#8221;1\/3&#8243; css=&#8221;.vc_custom_1432714909252{background-color: #ffffff !important;}&#8221;][vc_tta_tabs shape=&#8221;square&#8221; active_section=&#8221;1&#8243; el_class=&#8221;nicdark_tab_dark nicdark_sidebar_fixed&#8221;][vc_tta_section title=&#8221;ENVIAR TU CONSULTA&#8221; tab_id=&#8221;1444400861949-ed27ac58-5f0e&#8221;]<div role=\"form\" class=\"wpcf7\" id=\"wpcf7-f3244-o1\" lang=\"en-US\" dir=\"ltr\">\n<div class=\"screen-reader-response\"><\/div>\n<form action=\"\/en\/wp-json\/wp\/v2\/pages\/3215#wpcf7-f3244-o1\" method=\"post\" class=\"wpcf7-form\" novalidate=\"novalidate\">\n<div style=\"display: none;\">\n<input type=\"hidden\" name=\"_wpcf7\" value=\"3244\" \/>\n<input type=\"hidden\" name=\"_wpcf7_version\" value=\"4.4.1\" \/>\n<input type=\"hidden\" name=\"_wpcf7_locale\" value=\"en_US\" \/>\n<input type=\"hidden\" name=\"_wpcf7_unit_tag\" value=\"wpcf7-f3244-o1\" \/>\n<input type=\"hidden\" name=\"_wpnonce\" value=\"24d9fbd7dc\" \/>\n<\/div>\n<p><span class=\"wpcf7-form-control-wrap text-926\"><input type=\"text\" name=\"text-926\" value=\"\" size=\"40\" class=\"wpcf7-form-control wpcf7-text wpcf7-validates-as-required nicdark_bg_greydark2 nicdark_border_none\" aria-required=\"true\" aria-invalid=\"false\" placeholder=\"Nombre y Apellido\" \/><\/span><span class=\"wpcf7-form-control-wrap email-430\"><input type=\"email\" name=\"email-430\" value=\"\" size=\"40\" class=\"wpcf7-form-control wpcf7-text wpcf7-email wpcf7-validates-as-required wpcf7-validates-as-email nicdark_bg_greydark2 nicdark_border_none\" aria-required=\"true\" aria-invalid=\"false\" placeholder=\"Correo Electr\u00f3nico\" \/><\/span><\/p>\n<div class=\"grid grid_12 percentage nicdark_sizing nicdark_padding10_right\"><span class=\"wpcf7-form-control-wrap Destination\"><select name=\"Destination\" class=\"wpcf7-form-control wpcf7-select nicdark_bg_greydark2 nicdark_border_none\" aria-invalid=\"false\"><option value=\"Selecciona tu Pa\u00eds ...\">Selecciona tu Pa\u00eds ...<\/option><option value=\"Argentina\">Argentina<\/option><option value=\"Chile\">Chile<\/option><option value=\"Ecuador\">Ecuador<\/option><option value=\"Espa\u00f1a\">Espa\u00f1a<\/option><option value=\"Uruguay\">Uruguay<\/option><option value=\"Otro\">Otro<\/option><\/select><\/span> <\/div>\n<\/div>\n<p><span class=\"wpcf7-form-control-wrap textarea-129\"><textarea name=\"textarea-129\" cols=\"40\" rows=\"4\" class=\"wpcf7-form-control wpcf7-textarea nicdark_bg_greydark2 nicdark_border_none\" aria-invalid=\"false\" placeholder=\"Escribe aqu\u00ed tu consulta\"><\/textarea><\/span><input type=\"submit\" value=\"ENVIAR\" class=\"wpcf7-form-control wpcf7-submit nicdark_bg_blue\" \/><\/p>\n<div class=\"wpcf7-response-output wpcf7-display-none\"><\/div><\/form><\/div>[\/vc_tta_section][\/vc_tta_tabs][\/vc_column][\/vc_row]<\/p>\n","protected":false},"excerpt":{"rendered":"<p>[vc_row css=&#8221;.vc_custom_1432718694226{margin-top: 60px !important;margin-bottom: 40px !important;}&#8221;][vc_column width=&#8221;2\/3&#8243; el_class=&#8221;nicdark_sidebar_fixed_container&#8221;][vc_empty_space height=&#8221;20px&#8221;][vc_empty_space height=&#8221;30px&#8221;][vc_toggle title=&#8221;Viajar con Ni\u00f1os&#8221; style=&#8221;square&#8221; color=&#8221;blue&#8221; bgcolor=&#8221;blue&#8221; el_id=&#8221;1432714342562-116c214f-eebd&#8221;]Realizar el viaje con ni\u00f1os no es ning\u00fan inconveniente, todo lo contrario, quedar\u00e1n muy felices de correr y vivir \u00e9sta experiencia, dormir\u00e1n pl\u00e1cidamente ya que seguramente se cansar\u00e1n de tanto andar. Los ni\u00f1os tienen descuentos dependiendo de la edad, &#8230;<\/p>\n","protected":false},"author":1,"featured_media":0,"parent":0,"menu_order":0,"comment_status":"open","ping_status":"open","template":"","meta":{"footnotes":""},"yoast_head":"<!-- This site is optimized with the Yoast SEO plugin v22.1 - https:\/\/yoast.com\/wordpress\/plugins\/seo\/ -->\n<title>Preguntas Frecuentes - Turismo Peru<\/title>\n<meta name=\"robots\" content=\"index, follow, max-snippet:-1, max-image-preview:large, max-video-preview:-1\" \/>\n<link rel=\"canonical\" href=\"https:\/\/soloelperu.com\/preguntas-frecuentes\/\" \/>\n<meta property=\"og:locale\" content=\"en_US\" \/>\n<meta property=\"og:type\" content=\"article\" \/>\n<meta property=\"og:title\" content=\"Preguntas Frecuentes - Turismo Peru\" \/>\n<meta property=\"og:description\" content=\"[vc_row css=&#8221;.vc_custom_1432718694226{margin-top: 60px !important;margin-bottom: 40px !important;}&#8221;][vc_column width=&#8221;2\/3&#8243; el_class=&#8221;nicdark_sidebar_fixed_container&#8221;][vc_empty_space height=&#8221;20px&#8221;][vc_empty_space height=&#8221;30px&#8221;][vc_toggle title=&#8221;Viajar con Ni\u00f1os&#8221; style=&#8221;square&#8221; color=&#8221;blue&#8221; bgcolor=&#8221;blue&#8221; el_id=&#8221;1432714342562-116c214f-eebd&#8221;]Realizar el viaje con ni\u00f1os no es ning\u00fan inconveniente, todo lo contrario, quedar\u00e1n muy felices de correr y vivir \u00e9sta experiencia, dormir\u00e1n pl\u00e1cidamente ya que seguramente se cansar\u00e1n de tanto andar. Los ni\u00f1os tienen descuentos dependiendo de la edad, ...\" \/>\n<meta property=\"og:url\" content=\"https:\/\/soloelperu.com\/preguntas-frecuentes\/\" \/>\n<meta property=\"og:site_name\" content=\"Turismo Peru\" \/>\n<meta property=\"article:modified_time\" content=\"2017-12-05T19:24:06+00:00\" \/>\n<meta name=\"twitter:label1\" content=\"Est. reading time\" \/>\n\t<meta name=\"twitter:data1\" content=\"5 minutes\" \/>\n<script type=\"application\/ld+json\" class=\"yoast-schema-graph\">{\"@context\":\"https:\/\/schema.org\",\"@graph\":[{\"@type\":\"WebPage\",\"@id\":\"https:\/\/soloelperu.com\/preguntas-frecuentes\/\",\"url\":\"https:\/\/soloelperu.com\/preguntas-frecuentes\/\",\"name\":\"Preguntas Frecuentes - Turismo Peru\",\"isPartOf\":{\"@id\":\"https:\/\/soloelperu.com\/#website\"},\"datePublished\":\"2017-12-05T18:22:07+00:00\",\"dateModified\":\"2017-12-05T19:24:06+00:00\",\"breadcrumb\":{\"@id\":\"https:\/\/soloelperu.com\/preguntas-frecuentes\/#breadcrumb\"},\"inLanguage\":\"en-US\",\"potentialAction\":[{\"@type\":\"ReadAction\",\"target\":[\"https:\/\/soloelperu.com\/preguntas-frecuentes\/\"]}]},{\"@type\":\"BreadcrumbList\",\"@id\":\"https:\/\/soloelperu.com\/preguntas-frecuentes\/#breadcrumb\",\"itemListElement\":[{\"@type\":\"ListItem\",\"position\":1,\"name\":\"Home\",\"item\":\"https:\/\/soloelperu.com\/\"},{\"@type\":\"ListItem\",\"position\":2,\"name\":\"Preguntas Frecuentes\"}]},{\"@type\":\"WebSite\",\"@id\":\"https:\/\/soloelperu.com\/#website\",\"url\":\"https:\/\/soloelperu.com\/\",\"name\":\"Turismo Peru\",\"description\":\"Viajes, Aventuras y Culturas\",\"potentialAction\":[{\"@type\":\"SearchAction\",\"target\":{\"@type\":\"EntryPoint\",\"urlTemplate\":\"https:\/\/soloelperu.com\/?s={search_term_string}\"},\"query-input\":\"required name=search_term_string\"}],\"inLanguage\":\"en-US\"}]}<\/script>\n<!-- \/ Yoast SEO plugin. -->","yoast_head_json":{"title":"Preguntas Frecuentes - Turismo Peru","robots":{"index":"index","follow":"follow","max-snippet":"max-snippet:-1","max-image-preview":"max-image-preview:large","max-video-preview":"max-video-preview:-1"},"canonical":"https:\/\/soloelperu.com\/preguntas-frecuentes\/","og_locale":"en_US","og_type":"article","og_title":"Preguntas Frecuentes - Turismo Peru","og_description":"[vc_row css=&#8221;.vc_custom_1432718694226{margin-top: 60px !important;margin-bottom: 40px !important;}&#8221;][vc_column width=&#8221;2\/3&#8243; el_class=&#8221;nicdark_sidebar_fixed_container&#8221;][vc_empty_space height=&#8221;20px&#8221;][vc_empty_space height=&#8221;30px&#8221;][vc_toggle title=&#8221;Viajar con Ni\u00f1os&#8221; style=&#8221;square&#8221; color=&#8221;blue&#8221; bgcolor=&#8221;blue&#8221; el_id=&#8221;1432714342562-116c214f-eebd&#8221;]Realizar el viaje con ni\u00f1os no es ning\u00fan inconveniente, todo lo contrario, quedar\u00e1n muy felices de correr y vivir \u00e9sta experiencia, dormir\u00e1n pl\u00e1cidamente ya que seguramente se cansar\u00e1n de tanto andar. Los ni\u00f1os tienen descuentos dependiendo de la edad, ...","og_url":"https:\/\/soloelperu.com\/preguntas-frecuentes\/","og_site_name":"Turismo Peru","article_modified_time":"2017-12-05T19:24:06+00:00","twitter_misc":{"Est. reading time":"5 minutes"},"schema":{"@context":"https:\/\/schema.org","@graph":[{"@type":"WebPage","@id":"https:\/\/soloelperu.com\/preguntas-frecuentes\/","url":"https:\/\/soloelperu.com\/preguntas-frecuentes\/","name":"Preguntas Frecuentes - Turismo Peru","isPartOf":{"@id":"https:\/\/soloelperu.com\/#website"},"datePublished":"2017-12-05T18:22:07+00:00","dateModified":"2017-12-05T19:24:06+00:00","breadcrumb":{"@id":"https:\/\/soloelperu.com\/preguntas-frecuentes\/#breadcrumb"},"inLanguage":"en-US","potentialAction":[{"@type":"ReadAction","target":["https:\/\/soloelperu.com\/preguntas-frecuentes\/"]}]},{"@type":"BreadcrumbList","@id":"https:\/\/soloelperu.com\/preguntas-frecuentes\/#breadcrumb","itemListElement":[{"@type":"ListItem","position":1,"name":"Home","item":"https:\/\/soloelperu.com\/"},{"@type":"ListItem","position":2,"name":"Preguntas Frecuentes"}]},{"@type":"WebSite","@id":"https:\/\/soloelperu.com\/#website","url":"https:\/\/soloelperu.com\/","name":"Turismo Peru","description":"Viajes, Aventuras y Culturas","potentialAction":[{"@type":"SearchAction","target":{"@type":"EntryPoint","urlTemplate":"https:\/\/soloelperu.com\/?s={search_term_string}"},"query-input":"required name=search_term_string"}],"inLanguage":"en-US"}]}},"_links":{"self":[{"href":"https:\/\/soloelperu.com\/en\/wp-json\/wp\/v2\/pages\/3215"}],"collection":[{"href":"https:\/\/soloelperu.com\/en\/wp-json\/wp\/v2\/pages"}],"about":[{"href":"https:\/\/soloelperu.com\/en\/wp-json\/wp\/v2\/types\/page"}],"author":[{"embeddable":true,"href":"https:\/\/soloelperu.com\/en\/wp-json\/wp\/v2\/users\/1"}],"replies":[{"embeddable":true,"href":"https:\/\/soloelperu.com\/en\/wp-json\/wp\/v2\/comments?post=3215"}],"version-history":[{"count":6,"href":"https:\/\/soloelperu.com\/en\/wp-json\/wp\/v2\/pages\/3215\/revisions"}],"predecessor-version":[{"id":3243,"href":"https:\/\/soloelperu.com\/en\/wp-json\/wp\/v2\/pages\/3215\/revisions\/3243"}],"wp:attachment":[{"href":"https:\/\/soloelperu.com\/en\/wp-json\/wp\/v2\/media?parent=3215"}],"curies":[{"name":"wp","href":"https:\/\/api.w.org\/{rel}","templated":true}]}}