{"id":1491,"date":"2015-05-26T10:23:43","date_gmt":"2015-05-26T10:23:43","guid":{"rendered":"http:\/\/www.nicdarkthemes.com\/themes\/love-travel\/wp\/demo-travel\/?page_id=1491"},"modified":"2015-05-26T10:23:43","modified_gmt":"2015-05-26T10:23:43","slug":"layout-1-3-columns","status":"publish","type":"page","link":"https:\/\/soloelperu.com\/en\/layout-1-3-columns\/","title":{"rendered":"Layout 1 &#8211; 3 Columns"},"content":{"rendered":"<p>[vc_row row_style=&#8221;container&#8221; imgparallax=&#8221;no&#8221; filter=&#8221;none&#8221; css=&#8221;.vc_custom_1432635795435{margin-top: 50px !important;margin-bottom: 50px !important;}&#8221;][vc_column width=&#8221;1\/1&#8243; css=&#8221;.vc_custom_1432635787226{padding-right: 0px !important;padding-left: 0px !important;}&#8221;]<div class=\"nicdark_masonry_container\">\n\n<!--start preview-->\n<div id=\"2559\" class=\"grid grid_4 percentage nicdark_masonry_item nicdark_padding10 nicdark_sizing\">\n    <div class=\"nicdark_archive1 nicdark_bg_white nicdark_border_grey nicdark_sizing \">\n\n\n        <!--start image-->\n        <div class=\"nicdark_focus nicdark_relative nicdark_fadeinout nicdark_overflow\">    \n\n            <img decoding=\"async\" alt=\"\" class=\"nicdark_focus nicdark_zoom_image\" src=\"https:\/\/soloelperu.com\/wp-content\/uploads\/huacachina.jpg\">\n\n            \n            <!--price-->\n            <div class=\"nicdark_fadeout nicdark_absolute nicdark_height100percentage nicdark_width_percentage100\">  \n                <a href=\"https:\/\/soloelperu.com\/en\/packages\/todo-el-sur-peruano-14-noches\/\" class=\"nicdark_btn nicdark_bg_green left white medium\">Consultar <\/a>\n            <\/div>\n            <!--end price-->\n\n\n            <!--start content-->\n            <div class=\"nicdark_fadein nicdark_filter greydark nicdark_absolute nicdark_height100percentage nicdark_width_percentage100\">\n                <div class=\"nicdark_absolute nicdark_display_table nicdark_height100percentage nicdark_width_percentage100\">\n                    <div class=\"nicdark_cell nicdark_vertical_middle\">\n                        <a href=\"https:\/\/soloelperu.com\/en\/packages\/todo-el-sur-peruano-14-noches\/\" class=\"nicdark_btn nicdark_border_white white medium\">MAS INFORMACI\u00d3N<\/a>\n                    <\/div>   \n                <\/div>   \n            <\/div>\n            <!--end content-->\n\n        <\/div>\n        <!--end image-->\n\n\n        <div class=\"nicdark_textevidence nicdark_bg_green\">\n            <h4 class=\"white nicdark_margin20\">Todo el Sur Peruano (14 Noches)<\/h4>\n        <\/div>\n\n\n        <div class=\"nicdark_focus nicdark_bg_greydark2\">\n            <div class=\"nicdark_bg_greydark nicdark_focus nicdark_padding1020 nicdark_sizing nicdark_width_percentage50\">\n                <p class=\"white\"><i class=\"icon-direction\"><\/i> Arequipa  Cusco  Lago Titicaca  Lima  Nasca <\/p>\n            <\/div>\n            <div class=\"nicdark_focus nicdark_padding1020 nicdark_sizing nicdark_width_percentage50\">\n                <p class=\"white\"><i class=\"icon-info\"><\/i> Cultural  Esparcimiento <\/p>\n            <\/div>\n        <\/div>\n        \n        <div class=\"nicdark_margin20\">\n            <p>15 d\u00edas de un Apasionante recorrido de todo el Sur de Per\u00fa, paquete dise\u00f1ado para todos aquellas personas que desean conocer detalladamente \u00e9ste pa\u00eds incaico.<\/p>\n            <div class=\"nicdark_space20\"><\/div><a href=\"https:\/\/soloelperu.com\/en\/packages\/todo-el-sur-peruano-14-noches\/\" class=\"nicdark_border_grey grey nicdark_btn nicdark_outline medium \">MAS INFORMACI\u00d3N<\/a>  \n        <\/div>\n\n    <\/div>\n<\/div>\n<!--end prev-->\n\n\n\n<!--start preview-->\n<div id=\"2981\" class=\"grid grid_4 percentage nicdark_masonry_item nicdark_padding10 nicdark_sizing\">\n    <div class=\"nicdark_archive1 nicdark_bg_white nicdark_border_grey nicdark_sizing \">\n\n\n        <!--start image-->\n        <div class=\"nicdark_focus nicdark_relative nicdark_fadeinout nicdark_overflow\">    \n\n            <img decoding=\"async\" alt=\"\" class=\"nicdark_focus nicdark_zoom_image\" src=\"https:\/\/soloelperu.com\/wp-content\/uploads\/CUZCO-NOCHE-1920x1280-1620x1080.jpg\">\n\n            \n            <!--price-->\n            <div class=\"nicdark_fadeout nicdark_absolute nicdark_height100percentage nicdark_width_percentage100\">  \n                <a href=\"https:\/\/soloelperu.com\/en\/packages\/cusco-valle-sagrado-y-machu-picchu-6-noches\/\" class=\"nicdark_btn nicdark_bg_green left white medium\">Consultar <\/a>\n            <\/div>\n            <!--end price-->\n\n\n            <!--start content-->\n            <div class=\"nicdark_fadein nicdark_filter greydark nicdark_absolute nicdark_height100percentage nicdark_width_percentage100\">\n                <div class=\"nicdark_absolute nicdark_display_table nicdark_height100percentage nicdark_width_percentage100\">\n                    <div class=\"nicdark_cell nicdark_vertical_middle\">\n                        <a href=\"https:\/\/soloelperu.com\/en\/packages\/cusco-valle-sagrado-y-machu-picchu-6-noches\/\" class=\"nicdark_btn nicdark_border_white white medium\">MAS INFORMACI\u00d3N<\/a>\n                    <\/div>   \n                <\/div>   \n            <\/div>\n            <!--end content-->\n\n        <\/div>\n        <!--end image-->\n\n\n        <div class=\"nicdark_textevidence nicdark_bg_green\">\n            <h4 class=\"white nicdark_margin20\">Cusco, Valle Sagrado y Machu Picchu (6 Noches)<\/h4>\n        <\/div>\n\n\n        <div class=\"nicdark_focus nicdark_bg_greydark2\">\n            <div class=\"nicdark_bg_greydark nicdark_focus nicdark_padding1020 nicdark_sizing nicdark_width_percentage50\">\n                <p class=\"white\"><i class=\"icon-direction\"><\/i> Cusco <\/p>\n            <\/div>\n            <div class=\"nicdark_focus nicdark_padding1020 nicdark_sizing nicdark_width_percentage50\">\n                <p class=\"white\"><i class=\"icon-info\"><\/i> Cultural  Esparcimiento <\/p>\n            <\/div>\n        <\/div>\n        \n        <div class=\"nicdark_margin20\">\n            <p>Recorrer Cusco, sus iglesias y museos, las ruinas de Sacsahuam\u00e1n, Q\u2019enqo, Puka Pukara, completo recorrido por el valle Sagrado de los Inkas visitando Tambomachay, P\u00edsac, Chinchero, Machu Picchu etc. <\/p>\n            <div class=\"nicdark_space20\"><\/div><a href=\"https:\/\/soloelperu.com\/en\/packages\/cusco-valle-sagrado-y-machu-picchu-6-noches\/\" class=\"nicdark_border_grey grey nicdark_btn nicdark_outline medium \">MAS INFORMACI\u00d3N<\/a>  \n        <\/div>\n\n    <\/div>\n<\/div>\n<!--end prev-->\n\n\n\n<!--start preview-->\n<div id=\"2980\" class=\"grid grid_4 percentage nicdark_masonry_item nicdark_padding10 nicdark_sizing\">\n    <div class=\"nicdark_archive1 nicdark_bg_white nicdark_border_grey nicdark_sizing \">\n\n\n        <!--start image-->\n        <div class=\"nicdark_focus nicdark_relative nicdark_fadeinout nicdark_overflow\">    \n\n            <img decoding=\"async\" alt=\"\" class=\"nicdark_focus nicdark_zoom_image\" src=\"https:\/\/soloelperu.com\/wp-content\/uploads\/Lima1920X1200-1728x1080.jpg\">\n\n            \n            <!--price-->\n            <div class=\"nicdark_fadeout nicdark_absolute nicdark_height100percentage nicdark_width_percentage100\">  \n                <a href=\"https:\/\/soloelperu.com\/en\/packages\/lima-cusco-valle-sagrado-y-machu-picchu-8-noches\/\" class=\"nicdark_btn nicdark_bg_red left white medium\">Consultar <\/a>\n            <\/div>\n            <!--end price-->\n\n\n            <!--start content-->\n            <div class=\"nicdark_fadein nicdark_filter greydark nicdark_absolute nicdark_height100percentage nicdark_width_percentage100\">\n                <div class=\"nicdark_absolute nicdark_display_table nicdark_height100percentage nicdark_width_percentage100\">\n                    <div class=\"nicdark_cell nicdark_vertical_middle\">\n                        <a href=\"https:\/\/soloelperu.com\/en\/packages\/lima-cusco-valle-sagrado-y-machu-picchu-8-noches\/\" class=\"nicdark_btn nicdark_border_white white medium\">MAS INFORMACI\u00d3N<\/a>\n                    <\/div>   \n                <\/div>   \n            <\/div>\n            <!--end content-->\n\n        <\/div>\n        <!--end image-->\n\n\n        <div class=\"nicdark_textevidence nicdark_bg_red\">\n            <h4 class=\"white nicdark_margin20\">Lima, Cusco, Valle Sagrado y Machu Picchu (8 Noches)<\/h4>\n        <\/div>\n\n\n        <div class=\"nicdark_focus nicdark_bg_greydark2\">\n            <div class=\"nicdark_bg_greydark nicdark_focus nicdark_padding1020 nicdark_sizing nicdark_width_percentage50\">\n                <p class=\"white\"><i class=\"icon-direction\"><\/i> Cusco  Lima <\/p>\n            <\/div>\n            <div class=\"nicdark_focus nicdark_padding1020 nicdark_sizing nicdark_width_percentage50\">\n                <p class=\"white\"><i class=\"icon-info\"><\/i> Cultural  Esparcimiento <\/p>\n            <\/div>\n        <\/div>\n        \n        <div class=\"nicdark_margin20\">\n            <p>9 D\u00edas incre\u00edbles para conocer lo esencial del imperio Incaico y recorrer Lima degustando sus delicias.<\/p>\n            <div class=\"nicdark_space20\"><\/div><a href=\"https:\/\/soloelperu.com\/en\/packages\/lima-cusco-valle-sagrado-y-machu-picchu-8-noches\/\" class=\"nicdark_border_grey grey nicdark_btn nicdark_outline medium \">MAS INFORMACI\u00d3N<\/a>  \n        <\/div>\n\n    <\/div>\n<\/div>\n<!--end prev-->\n\n\n\n<!--start preview-->\n<div id=\"2991\" class=\"grid grid_4 percentage nicdark_masonry_item nicdark_padding10 nicdark_sizing\">\n    <div class=\"nicdark_archive1 nicdark_bg_white nicdark_border_grey nicdark_sizing \">\n\n\n        <!--start image-->\n        <div class=\"nicdark_focus nicdark_relative nicdark_fadeinout nicdark_overflow\">    \n\n            <img decoding=\"async\" alt=\"\" class=\"nicdark_focus nicdark_zoom_image\" src=\"https:\/\/soloelperu.com\/wp-content\/uploads\/Lima-MP-Titicaca-1920x1200-1728x1080.jpg\">\n\n            \n            <!--price-->\n            <div class=\"nicdark_fadeout nicdark_absolute nicdark_height100percentage nicdark_width_percentage100\">  \n                <a href=\"https:\/\/soloelperu.com\/en\/packages\/lima-cusco-valle-sagrado-machu-picchu-y-lago-titicaca-11-noches\/\" class=\"nicdark_btn nicdark_bg_yellow left white medium\">Consultar <\/a>\n            <\/div>\n            <!--end price-->\n\n\n            <!--start content-->\n            <div class=\"nicdark_fadein nicdark_filter greydark nicdark_absolute nicdark_height100percentage nicdark_width_percentage100\">\n                <div class=\"nicdark_absolute nicdark_display_table nicdark_height100percentage nicdark_width_percentage100\">\n                    <div class=\"nicdark_cell nicdark_vertical_middle\">\n                        <a href=\"https:\/\/soloelperu.com\/en\/packages\/lima-cusco-valle-sagrado-machu-picchu-y-lago-titicaca-11-noches\/\" class=\"nicdark_btn nicdark_border_white white medium\">MAS INFORMACI\u00d3N<\/a>\n                    <\/div>   \n                <\/div>   \n            <\/div>\n            <!--end content-->\n\n        <\/div>\n        <!--end image-->\n\n\n        <div class=\"nicdark_textevidence nicdark_bg_yellow\">\n            <h4 class=\"white nicdark_margin20\">Lima, Cusco, Valle Sagrado, Machu Picchu y Lago Titicaca (11 Noches)<\/h4>\n        <\/div>\n\n\n        <div class=\"nicdark_focus nicdark_bg_greydark2\">\n            <div class=\"nicdark_bg_greydark nicdark_focus nicdark_padding1020 nicdark_sizing nicdark_width_percentage50\">\n                <p class=\"white\"><i class=\"icon-direction\"><\/i> Cusco  Lago Titicaca  Lima <\/p>\n            <\/div>\n            <div class=\"nicdark_focus nicdark_padding1020 nicdark_sizing nicdark_width_percentage50\">\n                <p class=\"white\"><i class=\"icon-info\"><\/i> Cultural  Esparcimiento <\/p>\n            <\/div>\n        <\/div>\n        \n        <div class=\"nicdark_margin20\">\n            <p>12 D\u00edas apasionantes para conocer lo esencial del imperio Incaico, Puno, el lago navegable mas alto del mundo (Titicaca) y recorrer Lima degustando sus delicias.<\/p>\n            <div class=\"nicdark_space20\"><\/div><a href=\"https:\/\/soloelperu.com\/en\/packages\/lima-cusco-valle-sagrado-machu-picchu-y-lago-titicaca-11-noches\/\" class=\"nicdark_border_grey grey nicdark_btn nicdark_outline medium \">MAS INFORMACI\u00d3N<\/a>  \n        <\/div>\n\n    <\/div>\n<\/div>\n<!--end prev-->\n\n\n\n<!--start preview-->\n<div id=\"2995\" class=\"grid grid_4 percentage nicdark_masonry_item nicdark_padding10 nicdark_sizing\">\n    <div class=\"nicdark_archive1 nicdark_bg_white nicdark_border_grey nicdark_sizing \">\n\n\n        <!--start image-->\n        <div class=\"nicdark_focus nicdark_relative nicdark_fadeinout nicdark_overflow\">    \n\n            <img decoding=\"async\" alt=\"\" class=\"nicdark_focus nicdark_zoom_image\" src=\"https:\/\/soloelperu.com\/wp-content\/uploads\/titiymachu1920x1200-1728x1080.jpg\">\n\n            \n            <!--price-->\n            <div class=\"nicdark_fadeout nicdark_absolute nicdark_height100percentage nicdark_width_percentage100\">  \n                <a href=\"https:\/\/soloelperu.com\/en\/packages\/cusco-valle-sagrado-machu-picchu-y-lago-titicaca-8-noches\/\" class=\"nicdark_btn nicdark_bg_orange left white medium\">Consultar <\/a>\n            <\/div>\n            <!--end price-->\n\n\n            <!--start content-->\n            <div class=\"nicdark_fadein nicdark_filter greydark nicdark_absolute nicdark_height100percentage nicdark_width_percentage100\">\n                <div class=\"nicdark_absolute nicdark_display_table nicdark_height100percentage nicdark_width_percentage100\">\n                    <div class=\"nicdark_cell nicdark_vertical_middle\">\n                        <a href=\"https:\/\/soloelperu.com\/en\/packages\/cusco-valle-sagrado-machu-picchu-y-lago-titicaca-8-noches\/\" class=\"nicdark_btn nicdark_border_white white medium\">MAS INFORMACI\u00d3N<\/a>\n                    <\/div>   \n                <\/div>   \n            <\/div>\n            <!--end content-->\n\n        <\/div>\n        <!--end image-->\n\n\n        <div class=\"nicdark_textevidence nicdark_bg_orange\">\n            <h4 class=\"white nicdark_margin20\">Cusco, Valle Sagrado, Machu Picchu y Lago Titicaca (9 Noches)<\/h4>\n        <\/div>\n\n\n        <div class=\"nicdark_focus nicdark_bg_greydark2\">\n            <div class=\"nicdark_bg_greydark nicdark_focus nicdark_padding1020 nicdark_sizing nicdark_width_percentage50\">\n                <p class=\"white\"><i class=\"icon-direction\"><\/i> Cusco  Lago Titicaca <\/p>\n            <\/div>\n            <div class=\"nicdark_focus nicdark_padding1020 nicdark_sizing nicdark_width_percentage50\">\n                <p class=\"white\"><i class=\"icon-info\"><\/i> Cultural  Esparcimiento <\/p>\n            <\/div>\n        <\/div>\n        \n        <div class=\"nicdark_margin20\">\n            <p>10 D\u00edas apasionantes para conocer lo esencial del imperio Incaico y Puno a orillas del lago navegable mas alto del mundo (Titicaca).<\/p>\n            <div class=\"nicdark_space20\"><\/div><a href=\"https:\/\/soloelperu.com\/en\/packages\/cusco-valle-sagrado-machu-picchu-y-lago-titicaca-8-noches\/\" class=\"nicdark_border_grey grey nicdark_btn nicdark_outline medium \">MAS INFORMACI\u00d3N<\/a>  \n        <\/div>\n\n    <\/div>\n<\/div>\n<!--end prev-->\n\n\n\n<!--start preview-->\n<div id=\"2998\" class=\"grid grid_4 percentage nicdark_masonry_item nicdark_padding10 nicdark_sizing\">\n    <div class=\"nicdark_archive1 nicdark_bg_white nicdark_border_grey nicdark_sizing \">\n\n\n        <!--start image-->\n        <div class=\"nicdark_focus nicdark_relative nicdark_fadeinout nicdark_overflow\">    \n\n            <img decoding=\"async\" alt=\"\" class=\"nicdark_focus nicdark_zoom_image\" src=\"https:\/\/soloelperu.com\/wp-content\/uploads\/paisajeandino1920x1200-1728x1080.jpg\">\n\n            \n            <!--price-->\n            <div class=\"nicdark_fadeout nicdark_absolute nicdark_height100percentage nicdark_width_percentage100\">  \n                <a href=\"https:\/\/soloelperu.com\/en\/packages\/lima-cusco-valle-sagrado-machu-picchu-arequipa-colca-y-lago-titicaca-14-noches\/\" class=\"nicdark_btn nicdark_bg_yellow left white medium\">Consultar <\/a>\n            <\/div>\n            <!--end price-->\n\n\n            <!--start content-->\n            <div class=\"nicdark_fadein nicdark_filter greydark nicdark_absolute nicdark_height100percentage nicdark_width_percentage100\">\n                <div class=\"nicdark_absolute nicdark_display_table nicdark_height100percentage nicdark_width_percentage100\">\n                    <div class=\"nicdark_cell nicdark_vertical_middle\">\n                        <a href=\"https:\/\/soloelperu.com\/en\/packages\/lima-cusco-valle-sagrado-machu-picchu-arequipa-colca-y-lago-titicaca-14-noches\/\" class=\"nicdark_btn nicdark_border_white white medium\">MAS INFORMACI\u00d3N<\/a>\n                    <\/div>   \n                <\/div>   \n            <\/div>\n            <!--end content-->\n\n        <\/div>\n        <!--end image-->\n\n\n        <div class=\"nicdark_textevidence nicdark_bg_yellow\">\n            <h4 class=\"white nicdark_margin20\">Lima, Cusco, Valle Sagrado, Machu Picchu, Arequipa, Colca y Lago Titicaca (14 Noches)<\/h4>\n        <\/div>\n\n\n        <div class=\"nicdark_focus nicdark_bg_greydark2\">\n            <div class=\"nicdark_bg_greydark nicdark_focus nicdark_padding1020 nicdark_sizing nicdark_width_percentage50\">\n                <p class=\"white\"><i class=\"icon-direction\"><\/i> Arequipa  Cusco  Lago Titicaca  Lima <\/p>\n            <\/div>\n            <div class=\"nicdark_focus nicdark_padding1020 nicdark_sizing nicdark_width_percentage50\">\n                <p class=\"white\"><i class=\"icon-info\"><\/i> Cultural  Esparcimiento <\/p>\n            <\/div>\n        <\/div>\n        \n        <div class=\"nicdark_margin20\">\n            <p>15 d\u00edas de un Apasionante recorrido de todo el Sur de Per\u00fa, paquete dise\u00f1ado para todos aquellas personas que desean conocer detalladamente \u00e9ste hermoso pa\u00eds .<\/p>\n            <div class=\"nicdark_space20\"><\/div><a href=\"https:\/\/soloelperu.com\/en\/packages\/lima-cusco-valle-sagrado-machu-picchu-arequipa-colca-y-lago-titicaca-14-noches\/\" class=\"nicdark_border_grey grey nicdark_btn nicdark_outline medium \">MAS INFORMACI\u00d3N<\/a>  \n        <\/div>\n\n    <\/div>\n<\/div>\n<!--end prev-->\n\n<\/div>[\/vc_column][\/vc_row]<\/p>\n","protected":false},"excerpt":{"rendered":"<p>[vc_row row_style=&#8221;container&#8221; imgparallax=&#8221;no&#8221; filter=&#8221;none&#8221; css=&#8221;.vc_custom_1432635795435{margin-top: 50px !important;margin-bottom: 50px !important;}&#8221;][vc_column width=&#8221;1\/1&#8243; css=&#8221;.vc_custom_1432635787226{padding-right: 0px !important;padding-left: 0px !important;}&#8221;][\/vc_column][\/vc_row]<\/p>\n","protected":false},"author":1,"featured_media":0,"parent":0,"menu_order":0,"comment_status":"open","ping_status":"open","template":"","meta":{"footnotes":""},"yoast_head":"<!-- This site is optimized with the Yoast SEO plugin v22.1 - https:\/\/yoast.com\/wordpress\/plugins\/seo\/ -->\n<title>Layout 1 - 3 Columns - Turismo Peru<\/title>\n<meta name=\"robots\" content=\"index, follow, max-snippet:-1, max-image-preview:large, max-video-preview:-1\" \/>\n<link rel=\"canonical\" href=\"https:\/\/soloelperu.com\/layout-1-3-columns\/\" \/>\n<meta property=\"og:locale\" content=\"en_US\" \/>\n<meta property=\"og:type\" content=\"article\" \/>\n<meta property=\"og:title\" content=\"Layout 1 - 3 Columns - Turismo Peru\" \/>\n<meta property=\"og:description\" content=\"[vc_row row_style=&#8221;container&#8221; imgparallax=&#8221;no&#8221; filter=&#8221;none&#8221; css=&#8221;.vc_custom_1432635795435{margin-top: 50px !important;margin-bottom: 50px !important;}&#8221;][vc_column width=&#8221;1\/1&#8243; css=&#8221;.vc_custom_1432635787226{padding-right: 0px !important;padding-left: 0px !important;}&#8221;][\/vc_column][\/vc_row]\" \/>\n<meta property=\"og:url\" content=\"https:\/\/soloelperu.com\/layout-1-3-columns\/\" \/>\n<meta property=\"og:site_name\" content=\"Turismo Peru\" \/>\n<script type=\"application\/ld+json\" class=\"yoast-schema-graph\">{\"@context\":\"https:\/\/schema.org\",\"@graph\":[{\"@type\":\"WebPage\",\"@id\":\"https:\/\/soloelperu.com\/layout-1-3-columns\/\",\"url\":\"https:\/\/soloelperu.com\/layout-1-3-columns\/\",\"name\":\"Layout 1 - 3 Columns - Turismo Peru\",\"isPartOf\":{\"@id\":\"https:\/\/soloelperu.com\/#website\"},\"datePublished\":\"2015-05-26T10:23:43+00:00\",\"dateModified\":\"2015-05-26T10:23:43+00:00\",\"breadcrumb\":{\"@id\":\"https:\/\/soloelperu.com\/layout-1-3-columns\/#breadcrumb\"},\"inLanguage\":\"en-US\",\"potentialAction\":[{\"@type\":\"ReadAction\",\"target\":[\"https:\/\/soloelperu.com\/layout-1-3-columns\/\"]}]},{\"@type\":\"BreadcrumbList\",\"@id\":\"https:\/\/soloelperu.com\/layout-1-3-columns\/#breadcrumb\",\"itemListElement\":[{\"@type\":\"ListItem\",\"position\":1,\"name\":\"Home\",\"item\":\"https:\/\/soloelperu.com\/\"},{\"@type\":\"ListItem\",\"position\":2,\"name\":\"Layout 1 &#8211; 3 Columns\"}]},{\"@type\":\"WebSite\",\"@id\":\"https:\/\/soloelperu.com\/#website\",\"url\":\"https:\/\/soloelperu.com\/\",\"name\":\"Turismo Peru\",\"description\":\"Viajes, Aventuras y Culturas\",\"potentialAction\":[{\"@type\":\"SearchAction\",\"target\":{\"@type\":\"EntryPoint\",\"urlTemplate\":\"https:\/\/soloelperu.com\/?s={search_term_string}\"},\"query-input\":\"required name=search_term_string\"}],\"inLanguage\":\"en-US\"}]}<\/script>\n<!-- \/ Yoast SEO plugin. -->","yoast_head_json":{"title":"Layout 1 - 3 Columns - Turismo Peru","robots":{"index":"index","follow":"follow","max-snippet":"max-snippet:-1","max-image-preview":"max-image-preview:large","max-video-preview":"max-video-preview:-1"},"canonical":"https:\/\/soloelperu.com\/layout-1-3-columns\/","og_locale":"en_US","og_type":"article","og_title":"Layout 1 - 3 Columns - Turismo Peru","og_description":"[vc_row row_style=&#8221;container&#8221; imgparallax=&#8221;no&#8221; filter=&#8221;none&#8221; css=&#8221;.vc_custom_1432635795435{margin-top: 50px !important;margin-bottom: 50px !important;}&#8221;][vc_column width=&#8221;1\/1&#8243; css=&#8221;.vc_custom_1432635787226{padding-right: 0px !important;padding-left: 0px !important;}&#8221;][\/vc_column][\/vc_row]","og_url":"https:\/\/soloelperu.com\/layout-1-3-columns\/","og_site_name":"Turismo Peru","schema":{"@context":"https:\/\/schema.org","@graph":[{"@type":"WebPage","@id":"https:\/\/soloelperu.com\/layout-1-3-columns\/","url":"https:\/\/soloelperu.com\/layout-1-3-columns\/","name":"Layout 1 - 3 Columns - Turismo Peru","isPartOf":{"@id":"https:\/\/soloelperu.com\/#website"},"datePublished":"2015-05-26T10:23:43+00:00","dateModified":"2015-05-26T10:23:43+00:00","breadcrumb":{"@id":"https:\/\/soloelperu.com\/layout-1-3-columns\/#breadcrumb"},"inLanguage":"en-US","potentialAction":[{"@type":"ReadAction","target":["https:\/\/soloelperu.com\/layout-1-3-columns\/"]}]},{"@type":"BreadcrumbList","@id":"https:\/\/soloelperu.com\/layout-1-3-columns\/#breadcrumb","itemListElement":[{"@type":"ListItem","position":1,"name":"Home","item":"https:\/\/soloelperu.com\/"},{"@type":"ListItem","position":2,"name":"Layout 1 &#8211; 3 Columns"}]},{"@type":"WebSite","@id":"https:\/\/soloelperu.com\/#website","url":"https:\/\/soloelperu.com\/","name":"Turismo Peru","description":"Viajes, Aventuras y Culturas","potentialAction":[{"@type":"SearchAction","target":{"@type":"EntryPoint","urlTemplate":"https:\/\/soloelperu.com\/?s={search_term_string}"},"query-input":"required name=search_term_string"}],"inLanguage":"en-US"}]}},"_links":{"self":[{"href":"https:\/\/soloelperu.com\/en\/wp-json\/wp\/v2\/pages\/1491"}],"collection":[{"href":"https:\/\/soloelperu.com\/en\/wp-json\/wp\/v2\/pages"}],"about":[{"href":"https:\/\/soloelperu.com\/en\/wp-json\/wp\/v2\/types\/page"}],"author":[{"embeddable":true,"href":"https:\/\/soloelperu.com\/en\/wp-json\/wp\/v2\/users\/1"}],"replies":[{"embeddable":true,"href":"https:\/\/soloelperu.com\/en\/wp-json\/wp\/v2\/comments?post=1491"}],"version-history":[{"count":0,"href":"https:\/\/soloelperu.com\/en\/wp-json\/wp\/v2\/pages\/1491\/revisions"}],"wp:attachment":[{"href":"https:\/\/soloelperu.com\/en\/wp-json\/wp\/v2\/media?parent=1491"}],"curies":[{"name":"wp","href":"https:\/\/api.w.org\/{rel}","templated":true}]}}